{"id":1788,"date":"2025-01-13T12:34:40","date_gmt":"2025-01-13T12:34:40","guid":{"rendered":"https:\/\/globalmineralafrica.com\/?page_id=1788"},"modified":"2025-01-13T12:36:04","modified_gmt":"2025-01-13T12:36:04","slug":"services-french","status":"publish","type":"page","link":"https:\/\/globalmineralafrica.com\/?page_id=1788","title":{"rendered":"Services ( French )"},"content":{"rendered":"\t\t<div data-elementor-type=\"wp-post\" data-elementor-id=\"1788\" class=\"elementor elementor-1788\">\n\t\t\t\t<div class=\"elementor-element elementor-element-7a8902d e-flex e-con-boxed e-con e-parent\" data-id=\"7a8902d\" data-element_type=\"container\">\n\t\t\t\t\t<div class=\"e-con-inner\">\n\t\t<div class=\"elementor-element elementor-element-df1d2d7 e-con-full e-flex e-con e-child\" data-id=\"df1d2d7\" data-element_type=\"container\">\n\t\t\t\t<div class=\"elementor-element elementor-element-4ffaf2c elementor-widget elementor-widget-text-editor\" data-id=\"4ffaf2c\" data-element_type=\"widget\" data-widget_type=\"text-editor.default\">\n\t\t\t\t<div class=\"elementor-widget-container\">\n\t\t\t\t\t\t\t<h2><span>OR:<\/span><\/h2><p><span><span class=\"VIpgJd-yAWNEb-VIpgJd-fmcmS-sn54Q\">Depuis nos mines en RDC, nous extrayons et raffinons l&#8217;or, le plus c\u00e9l\u00e8bre de tous les m\u00e9taux pr\u00e9cieux. Tr\u00e8s recherch\u00e9 dans le monde entier pour ses qualit\u00e9s d&#8217;investissement et ses propri\u00e9t\u00e9s industrielles, l&#8217;or a traditionnellement rempli trois fonctions : en tant qu&#8217;instrument mon\u00e9taire, actif financier et mati\u00e8re premi\u00e8re principalement utilis\u00e9e dans la fabrication de bijoux et d&#8217;objets d\u00e9coratifs.<\/span><\/span><\/p><p><span>En tant qu\u2019investissement, l\u2019or est g\u00e9n\u00e9ralement consid\u00e9r\u00e9 comme un actif financier qui conserve sa valeur en p\u00e9riode de crise politique, sociale ou \u00e9conomique. De cette mani\u00e8re, l\u2019or offre aux investisseurs individuels et institutionnels un filet de s\u00e9curit\u00e9 pour leur portefeuille contre les fortes baisses d\u2019actifs compl\u00e9mentaires tels que les actions et les obligations, les hausses importantes de l\u2019inflation et la volatilit\u00e9 des taux de change.<\/span><\/p>\t\t\t\t\t\t<\/div>\n\t\t\t\t<\/div>\n\t\t\t\t<\/div>\n\t\t<div class=\"elementor-element elementor-element-b5a7a62 e-con-full e-flex e-con e-child\" data-id=\"b5a7a62\" data-element_type=\"container\">\n\t\t\t\t<div class=\"elementor-element elementor-element-368b7ff elementor-widget elementor-widget-image\" data-id=\"368b7ff\" data-element_type=\"widget\" data-widget_type=\"image.default\">\n\t\t\t\t<div class=\"elementor-widget-container\">\n\t\t\t\t\t\t\t\t\t\t\t\t\t<img fetchpriority=\"high\" decoding=\"async\" width=\"626\" height=\"417\" src=\"https:\/\/globalmineralafrica.com\/wp-content\/uploads\/2025\/01\/details-1-background.jpg\" class=\"attachment-large size-large wp-image-1756\" alt=\"\" srcset=\"https:\/\/globalmineralafrica.com\/wp-content\/uploads\/2025\/01\/details-1-background.jpg 626w, https:\/\/globalmineralafrica.com\/wp-content\/uploads\/2025\/01\/details-1-background-300x200.jpg 300w, https:\/\/globalmineralafrica.com\/wp-content\/uploads\/2025\/01\/details-1-background-600x400.jpg 600w\" sizes=\"(max-width: 626px) 100vw, 626px\" \/>\t\t\t\t\t\t\t\t\t\t\t\t\t<\/div>\n\t\t\t\t<\/div>\n\t\t\t\t<\/div>\n\t\t\t\t\t<\/div>\n\t\t\t\t<\/div>\n\t\t<div class=\"elementor-element elementor-element-1895c3f e-flex e-con-boxed e-con e-parent\" data-id=\"1895c3f\" data-element_type=\"container\">\n\t\t\t\t\t<div class=\"e-con-inner\">\n\t\t<div class=\"elementor-element elementor-element-5efd0b4 e-con-full e-flex e-con e-child\" data-id=\"5efd0b4\" data-element_type=\"container\">\n\t\t\t\t<div class=\"elementor-element elementor-element-6fdb049 elementor-widget elementor-widget-image\" data-id=\"6fdb049\" data-element_type=\"widget\" data-widget_type=\"image.default\">\n\t\t\t\t<div class=\"elementor-widget-container\">\n\t\t\t\t\t\t\t\t\t\t\t\t\t<img decoding=\"async\" width=\"615\" height=\"412\" src=\"https:\/\/globalmineralafrica.com\/wp-content\/uploads\/2025\/01\/about.jpg\" class=\"attachment-large size-large wp-image-1757\" alt=\"\" srcset=\"https:\/\/globalmineralafrica.com\/wp-content\/uploads\/2025\/01\/about.jpg 615w, https:\/\/globalmineralafrica.com\/wp-content\/uploads\/2025\/01\/about-300x201.jpg 300w, https:\/\/globalmineralafrica.com\/wp-content\/uploads\/2025\/01\/about-600x402.jpg 600w\" sizes=\"(max-width: 615px) 100vw, 615px\" \/>\t\t\t\t\t\t\t\t\t\t\t\t\t<\/div>\n\t\t\t\t<\/div>\n\t\t\t\t<\/div>\n\t\t<div class=\"elementor-element elementor-element-4d442e1 e-con-full e-flex e-con e-child\" data-id=\"4d442e1\" data-element_type=\"container\">\n\t\t\t\t<div class=\"elementor-element elementor-element-63e0b0c elementor-widget elementor-widget-text-editor\" data-id=\"63e0b0c\" data-element_type=\"widget\" data-widget_type=\"text-editor.default\">\n\t\t\t\t<div class=\"elementor-widget-container\">\n\t\t\t\t\t\t\t<h2><span>Cuivre:<\/span><\/h2><p><span>Le cuivre est une marchandise n\u00e9goci\u00e9e \u00e0 l&#8217;\u00e9chelle internationale et son prix est d\u00e9termin\u00e9 par les principales bourses des m\u00e9taux, \u00e0 savoir la London Metal Exchange [LME], la New York Commodity Exchange [COMEX] et la Shanghai Futures Exchange [SHFE]. Les prix sur ces bourses refl\u00e8tent g\u00e9n\u00e9ralement l&#8217;\u00e9quilibre mondial de l&#8217;offre et de la demande de cuivre et peuvent \u00eatre volatils et cycliques. En g\u00e9n\u00e9ral, la demande de cuivre refl\u00e8te le taux de croissance \u00e9conomique mondiale, en particulier dans la production industrielle et la construction. Selon Wood Mackenzie, un consultant ind\u00e9pendant tr\u00e8s suivi sur le march\u00e9 des m\u00e9taux, les march\u00e9s d&#8217;utilisation finale du cuivre [et leurs parts estim\u00e9es dans la consommation totale] sont la construction [31 pour cent], les produits de consommation [24 pour cent], les applications \u00e9lectriques [24 pour cent], les transports [11 pour cent] et les machines industrielles [10 pour cent].<\/span><\/p>\t\t\t\t\t\t<\/div>\n\t\t\t\t<\/div>\n\t\t\t\t<\/div>\n\t\t\t\t\t<\/div>\n\t\t\t\t<\/div>\n\t\t\t\t<\/div>\n\t\t","protected":false},"excerpt":{"rendered":"<p>OR: Depuis nos mines en RDC, nous extrayons et raffinons l&#8217;or, le plus c\u00e9l\u00e8bre de tous les m\u00e9taux pr\u00e9cieux. Tr\u00e8s recherch\u00e9 dans le monde entier pour ses qualit\u00e9s d&#8217;investissement et ses propri\u00e9t\u00e9s industrielles, l&#8217;or a traditionnellement rempli trois fonctions : en tant qu&#8217;instrument mon\u00e9taire, actif financier et mati\u00e8re premi\u00e8re principalement utilis\u00e9e dans la fabrication de [&hellip;]<\/p>\n","protected":false},"author":1,"featured_media":0,"parent":0,"menu_order":0,"comment_status":"closed","ping_status":"closed","template":"elementor_header_footer","meta":{"footnotes":""},"class_list":["post-1788","page","type-page","status-publish","hentry"],"_links":{"self":[{"href":"https:\/\/globalmineralafrica.com\/index.php?rest_route=\/wp\/v2\/pages\/1788","targetHints":{"allow":["GET"]}}],"collection":[{"href":"https:\/\/globalmineralafrica.com\/index.php?rest_route=\/wp\/v2\/pages"}],"about":[{"href":"https:\/\/globalmineralafrica.com\/index.php?rest_route=\/wp\/v2\/types\/page"}],"author":[{"embeddable":true,"href":"https:\/\/globalmineralafrica.com\/index.php?rest_route=\/wp\/v2\/users\/1"}],"replies":[{"embeddable":true,"href":"https:\/\/globalmineralafrica.com\/index.php?rest_route=%2Fwp%2Fv2%2Fcomments&post=1788"}],"version-history":[{"count":4,"href":"https:\/\/globalmineralafrica.com\/index.php?rest_route=\/wp\/v2\/pages\/1788\/revisions"}],"predecessor-version":[{"id":1794,"href":"https:\/\/globalmineralafrica.com\/index.php?rest_route=\/wp\/v2\/pages\/1788\/revisions\/1794"}],"wp:attachment":[{"href":"https:\/\/globalmineralafrica.com\/index.php?rest_route=%2Fwp%2Fv2%2Fmedia&parent=1788"}],"curies":[{"name":"wp","href":"https:\/\/api.w.org\/{rel}","templated":true}]}}