{"id":1783,"date":"2025-01-13T12:31:07","date_gmt":"2025-01-13T12:31:07","guid":{"rendered":"https:\/\/globalmineralafrica.com\/?page_id=1783"},"modified":"2025-01-13T12:33:09","modified_gmt":"2025-01-13T12:33:09","slug":"mission-french","status":"publish","type":"page","link":"https:\/\/globalmineralafrica.com\/?page_id=1783","title":{"rendered":"Mission ( French )"},"content":{"rendered":"\t\t<div data-elementor-type=\"wp-post\" data-elementor-id=\"1783\" class=\"elementor elementor-1783\">\n\t\t\t\t<div class=\"elementor-element elementor-element-7a8902d e-flex e-con-boxed e-con e-parent\" data-id=\"7a8902d\" data-element_type=\"container\">\n\t\t\t\t\t<div class=\"e-con-inner\">\n\t\t<div class=\"elementor-element elementor-element-df1d2d7 e-con-full e-flex e-con e-child\" data-id=\"df1d2d7\" data-element_type=\"container\">\n\t\t\t\t<div class=\"elementor-element elementor-element-4ffaf2c elementor-widget elementor-widget-text-editor\" data-id=\"4ffaf2c\" data-element_type=\"widget\" data-widget_type=\"text-editor.default\">\n\t\t\t\t<div class=\"elementor-widget-container\">\n\t\t\t\t\t\t\t<h2>Mission:<\/h2><p>Il s\u2019agit de rendre rentable la production d\u2019or, de diamants et d\u2019autres min\u00e9raux que nous extrayons et commercialisons \u00e9galement. Nous nous effor\u00e7ons d\u2019atteindre cet objectif en tant qu\u2019entreprise, soci\u00e9t\u00e9s et individus.<\/p>\t\t\t\t\t\t<\/div>\n\t\t\t\t<\/div>\n\t\t\t\t<\/div>\n\t\t<div class=\"elementor-element elementor-element-b5a7a62 e-con-full e-flex e-con e-child\" data-id=\"b5a7a62\" data-element_type=\"container\">\n\t\t\t\t<div class=\"elementor-element elementor-element-368b7ff elementor-widget elementor-widget-image\" data-id=\"368b7ff\" data-element_type=\"widget\" data-widget_type=\"image.default\">\n\t\t\t\t<div class=\"elementor-widget-container\">\n\t\t\t\t\t\t\t\t\t\t\t\t\t<img fetchpriority=\"high\" decoding=\"async\" width=\"712\" height=\"460\" src=\"https:\/\/globalmineralafrica.com\/wp-content\/uploads\/2025\/01\/intro-office.jpg\" class=\"attachment-large size-large wp-image-1749\" alt=\"\" srcset=\"https:\/\/globalmineralafrica.com\/wp-content\/uploads\/2025\/01\/intro-office.jpg 712w, https:\/\/globalmineralafrica.com\/wp-content\/uploads\/2025\/01\/intro-office-300x194.jpg 300w, https:\/\/globalmineralafrica.com\/wp-content\/uploads\/2025\/01\/intro-office-600x388.jpg 600w\" sizes=\"(max-width: 712px) 100vw, 712px\" \/>\t\t\t\t\t\t\t\t\t\t\t\t\t<\/div>\n\t\t\t\t<\/div>\n\t\t\t\t<\/div>\n\t\t\t\t\t<\/div>\n\t\t\t\t<\/div>\n\t\t\t\t<section class=\"elementor-section elementor-top-section elementor-element elementor-element-5dcb3fd elementor-section-boxed elementor-section-height-default elementor-section-height-default\" data-id=\"5dcb3fd\" data-element_type=\"section\">\n\t\t\t\t\t\t<div class=\"elementor-container elementor-column-gap-default\">\n\t\t\t\t\t<div class=\"elementor-column elementor-col-100 elementor-top-column elementor-element elementor-element-f26d7dd\" data-id=\"f26d7dd\" data-element_type=\"column\">\n\t\t\t<div class=\"elementor-widget-wrap elementor-element-populated\">\n\t\t\t\t\t\t<section class=\"elementor-section elementor-inner-section elementor-element elementor-element-3f96b45 elementor-section-boxed elementor-section-height-default elementor-section-height-default\" data-id=\"3f96b45\" data-element_type=\"section\">\n\t\t\t\t\t\t<div class=\"elementor-container elementor-column-gap-default\">\n\t\t\t\t\t<div class=\"elementor-column elementor-col-33 elementor-inner-column elementor-element elementor-element-b45b599\" data-id=\"b45b599\" data-element_type=\"column\">\n\t\t\t<div class=\"elementor-widget-wrap elementor-element-populated\">\n\t\t\t\t\t\t<div class=\"elementor-element elementor-element-f2e83db elementor-widget elementor-widget-ova_service\" data-id=\"f2e83db\" data-element_type=\"widget\" data-widget_type=\"ova_service.default\">\n\t\t\t\t<div class=\"elementor-widget-container\">\n\t\t\t\t\t<div class=\"ova-service one_column\">\n\t\t\t\t\t\t\t<div class=\"image\">\n\t\t\t\t\t<div class=\"img\">\n\t\t\t\t\t\t<img decoding=\"async\" src=\"https:\/\/demo.ovatheme.com\/pogon\/wp-content\/uploads\/2019\/03\/img_service_1_1_4.png\" alt=\"Qui sommes-nous\">\n\t\t\t\t\t<\/div>\n\t\t\t\t<\/div>\n\t\t\t\t\t\t<div class=\"content\">\n\t\t\t\t\t\t\t\t\t<h3 class=\"title\"><a href=\"#\">Qui sommes-nous<\/a><\/h3>\n\t\t\t\t\t\t\t\t\t\t\t\t\t<p class=\"sub-title\">\n\t\t\t\t\t\tNous sommes une \u00e9quipe de professionnels sp\u00e9cialis\u00e9s qui ont combin\u00e9 leur expertise pour constituer ce que nous consid\u00e9rons comme une \u00e9quipe de gestion sophistiqu\u00e9e. Nous sommes aussi diversifi\u00e9s par nos d\u00e9cennies d'exp\u00e9rience que par notre r\u00f4le de leaders individuels dans le domaine minier mondial.\t\t\t\t\t<\/p>\n\t\t\t\t\t\t\t<\/div>\n\t\t<\/div>\n\t\t\t\t<\/div>\n\t\t\t\t<\/div>\n\t\t\t\t\t<\/div>\n\t\t<\/div>\n\t\t\t\t<div class=\"elementor-column elementor-col-33 elementor-inner-column elementor-element elementor-element-d0da00d\" data-id=\"d0da00d\" data-element_type=\"column\">\n\t\t\t<div class=\"elementor-widget-wrap elementor-element-populated\">\n\t\t\t\t\t\t<div class=\"elementor-element elementor-element-a8262da elementor-widget elementor-widget-ova_service\" data-id=\"a8262da\" data-element_type=\"widget\" data-widget_type=\"ova_service.default\">\n\t\t\t\t<div class=\"elementor-widget-container\">\n\t\t\t\t\t<div class=\"ova-service one_column\">\n\t\t\t\t\t\t\t<div class=\"image\">\n\t\t\t\t\t<div class=\"img\">\n\t\t\t\t\t\t<img decoding=\"async\" src=\"https:\/\/demo.ovatheme.com\/pogon\/wp-content\/uploads\/2019\/03\/img_service_1_1_6.png\" alt=\"Vision\">\n\t\t\t\t\t<\/div>\n\t\t\t\t<\/div>\n\t\t\t\t\t\t<div class=\"content\">\n\t\t\t\t\t\t\t\t\t<h3 class=\"title\"><a href=\"#\">Vision<\/a><\/h3>\n\t\t\t\t\t\t\t\t\t\t\t\t\t<p class=\"sub-title\">\n\t\t\t\t\t\tIl s'agit de d\u00e9velopper une soci\u00e9t\u00e9 d'exploitation aurif\u00e8re de marque qui offrira des rendements sup\u00e9rieurs aux actionnaires, valorisera et d\u00e9veloppera les talents internes, s'engagera dans des pratiques et une conduite internationales et deviendra un partenaire de choix pour les communaut\u00e9s h\u00f4tes et le gouvernement.\t\t\t\t\t<\/p>\n\t\t\t\t\t\t\t<\/div>\n\t\t<\/div>\n\t\t\t\t<\/div>\n\t\t\t\t<\/div>\n\t\t\t\t\t<\/div>\n\t\t<\/div>\n\t\t\t\t<div class=\"elementor-column elementor-col-33 elementor-inner-column elementor-element elementor-element-bbc0fd1\" data-id=\"bbc0fd1\" data-element_type=\"column\">\n\t\t\t<div class=\"elementor-widget-wrap elementor-element-populated\">\n\t\t\t\t\t\t<div class=\"elementor-element elementor-element-bb7bc92 elementor-widget elementor-widget-ova_service\" data-id=\"bb7bc92\" data-element_type=\"widget\" data-widget_type=\"ova_service.default\">\n\t\t\t\t<div class=\"elementor-widget-container\">\n\t\t\t\t\t<div class=\"ova-service one_column\">\n\t\t\t\t\t\t\t<div class=\"image\">\n\t\t\t\t\t<div class=\"img\">\n\t\t\t\t\t\t<img decoding=\"async\" src=\"https:\/\/demo.ovatheme.com\/pogon\/wp-content\/uploads\/2019\/03\/img_service_1_1_3.png\" alt=\"Notre direction\">\n\t\t\t\t\t<\/div>\n\t\t\t\t<\/div>\n\t\t\t\t\t\t<div class=\"content\">\n\t\t\t\t\t\t\t\t\t<h3 class=\"title\"><a href=\"#\">Notre direction<\/a><\/h3>\n\t\t\t\t\t\t\t\t\t\t\t\t\t<p class=\"sub-title\">\n\t\t\t\t\t\tNous sommes une \u00e9quipe de gestion et d'exp\u00e9rience dans le secteur minier.\t\t\t\t\t<\/p>\n\t\t\t\t\t\t\t<\/div>\n\t\t<\/div>\n\t\t\t\t<\/div>\n\t\t\t\t<\/div>\n\t\t\t\t\t<\/div>\n\t\t<\/div>\n\t\t\t\t\t<\/div>\n\t\t<\/section>\n\t\t\t\t\t<\/div>\n\t\t<\/div>\n\t\t\t\t\t<\/div>\n\t\t<\/section>\n\t\t\t\t<\/div>\n\t\t","protected":false},"excerpt":{"rendered":"<p>Mission: Il s\u2019agit de rendre rentable la production d\u2019or, de diamants et d\u2019autres min\u00e9raux que nous extrayons et commercialisons \u00e9galement. Nous nous effor\u00e7ons d\u2019atteindre cet objectif en tant qu\u2019entreprise, soci\u00e9t\u00e9s et individus. Qui sommes-nous Nous sommes une \u00e9quipe de professionnels sp\u00e9cialis\u00e9s qui ont combin\u00e9 leur expertise pour constituer ce que nous consid\u00e9rons comme une \u00e9quipe [&hellip;]<\/p>\n","protected":false},"author":1,"featured_media":0,"parent":0,"menu_order":0,"comment_status":"closed","ping_status":"closed","template":"elementor_header_footer","meta":{"footnotes":""},"class_list":["post-1783","page","type-page","status-publish","hentry"],"_links":{"self":[{"href":"https:\/\/globalmineralafrica.com\/index.php?rest_route=\/wp\/v2\/pages\/1783","targetHints":{"allow":["GET"]}}],"collection":[{"href":"https:\/\/globalmineralafrica.com\/index.php?rest_route=\/wp\/v2\/pages"}],"about":[{"href":"https:\/\/globalmineralafrica.com\/index.php?rest_route=\/wp\/v2\/types\/page"}],"author":[{"embeddable":true,"href":"https:\/\/globalmineralafrica.com\/index.php?rest_route=\/wp\/v2\/users\/1"}],"replies":[{"embeddable":true,"href":"https:\/\/globalmineralafrica.com\/index.php?rest_route=%2Fwp%2Fv2%2Fcomments&post=1783"}],"version-history":[{"count":4,"href":"https:\/\/globalmineralafrica.com\/index.php?rest_route=\/wp\/v2\/pages\/1783\/revisions"}],"predecessor-version":[{"id":1787,"href":"https:\/\/globalmineralafrica.com\/index.php?rest_route=\/wp\/v2\/pages\/1783\/revisions\/1787"}],"wp:attachment":[{"href":"https:\/\/globalmineralafrica.com\/index.php?rest_route=%2Fwp%2Fv2%2Fmedia&parent=1783"}],"curies":[{"name":"wp","href":"https:\/\/api.w.org\/{rel}","templated":true}]}}