{"id":1778,"date":"2025-01-13T12:26:44","date_gmt":"2025-01-13T12:26:44","guid":{"rendered":"https:\/\/globalmineralafrica.com\/?page_id=1778"},"modified":"2025-01-13T13:03:41","modified_gmt":"2025-01-13T13:03:41","slug":"home","status":"publish","type":"page","link":"https:\/\/globalmineralafrica.com\/","title":{"rendered":"Home"},"content":{"rendered":"\t\t<div data-elementor-type=\"wp-post\" data-elementor-id=\"1778\" class=\"elementor elementor-1778\">\n\t\t\t\t\t\t<section class=\"elementor-section elementor-top-section elementor-element elementor-element-4c70e7e elementor-section-full_width elementor-section-height-default elementor-section-height-default\" data-id=\"4c70e7e\" data-element_type=\"section\">\n\t\t\t\t\t\t<div class=\"elementor-container elementor-column-gap-no\">\n\t\t\t\t\t<div class=\"elementor-column elementor-col-100 elementor-top-column elementor-element elementor-element-c30776a\" data-id=\"c30776a\" data-element_type=\"column\">\n\t\t\t<div class=\"elementor-widget-wrap elementor-element-populated\">\n\t\t\t\t\t\t<div class=\"elementor-element elementor-element-fe856ee elementor-widget elementor-widget-ova_banner_slideshow\" data-id=\"fe856ee\" data-element_type=\"widget\" data-widget_type=\"ova_banner_slideshow.default\">\n\t\t\t\t<div class=\"elementor-widget-container\">\n\t\t\t\t\t<div class=\"ova_slideshow elementor-slides-wrapper dots_style \" dir=\"ltr\">\n\t\t\t<div class=\"elementor-slides owl-carousel owl-theme owl-loaded arrows-inside arrows-show-always animated owl-animated-out owl-animated-in\" data-owl_carousel=\"{&quot;items&quot;:1,&quot;singleItem&quot;:1,&quot;autoplayTimeout&quot;:10000,&quot;autoplay&quot;:true,&quot;loop&quot;:true,&quot;nav&quot;:true,&quot;dots&quot;:false,&quot;rtl&quot;:false,&quot;dotsClass&quot;:&quot;owl-dots&quot;,&quot;mouseDrag&quot;:false,&quot;navText&quot;:[&quot;&lt;i class=\\&quot;ti-angle-left\\&quot;&gt;&lt;\\\/i&gt;&quot;,&quot;&lt;i class=\\&quot;ti-angle-right\\&quot;&gt;&lt;\\\/i&gt;&quot;]}\">\n\t\t\t\t<div class=\" elementor-repeater-item-d4b9ac3 items\" data-dot=\" <div>Slide 1<\/div> <button><span><\/span><\/button>\"><div class=\"slide-bg  elementor-ken-out\"><\/div>\n\t\t\t<div class=\"slide-inner\"><div class=\"container\"><div class=\"row\"><div class=\"wrapper-content\"><div class=\"elementor-slide-content\"><div class=\"second_font elementor-slide-subtitle\"><\/div><div data-animation=\"zoomIn\" data-animation_dur=\"1000\"  class=\"second_font elementor-slide-title \" style=\"animation-duration: 1000ms\">Bienvenue \u00e0 Global Mineral Africa<\/div><div class=\"elementor-slide-description\" data-animation=\"zoomIn\" data-animation_dur=\"1500\" style=\"animation-duration: 1500ms\">Global Minerals Africa est une soci\u00e9t\u00e9 d'extraction et de vente de min\u00e9raux agr\u00e9\u00e9e bas\u00e9e en R\u00e9publique d\u00e9mocratique du Congo et disposant de bureaux op\u00e9rationnels dans la plupart des r\u00e9gions d'Afrique. Nous sommes sp\u00e9cialis\u00e9s dans l'achat et la vente d'or, de raffinage et de fusion d'or, de wolfram, de tantalite, de cuivre et de diamants.\n<\/div><a  class=\"elementor-slide-button \"><\/a><\/div><\/div><\/div><\/div><\/div><\/div>\t\t\t<\/div>\n\t\t\t\t\t<\/div>\n\t\t\t\t<\/div>\n\t\t\t\t<\/div>\n\t\t\t\t\t<\/div>\n\t\t<\/div>\n\t\t\t\t\t<\/div>\n\t\t<\/section>\n\t\t\t\t<\/div>\n\t\t","protected":false},"excerpt":{"rendered":"<p>Slide 1 &#8220;> Bienvenue \u00e0 Global Mineral AfricaGlobal Minerals Africa est une soci\u00e9t\u00e9 d&#8217;extraction et de vente de min\u00e9raux agr\u00e9\u00e9e bas\u00e9e en R\u00e9publique d\u00e9mocratique du Congo et disposant de bureaux op\u00e9rationnels dans la plupart des r\u00e9gions d&#8217;Afrique. Nous sommes sp\u00e9cialis\u00e9s dans l&#8217;achat et la vente d&#8217;or, de raffinage et de fusion d&#8217;or, de wolfram, de [&hellip;]<\/p>\n","protected":false},"author":1,"featured_media":0,"parent":0,"menu_order":0,"comment_status":"closed","ping_status":"closed","template":"elementor_header_footer","meta":{"footnotes":""},"class_list":["post-1778","page","type-page","status-publish","hentry"],"_links":{"self":[{"href":"https:\/\/globalmineralafrica.com\/index.php?rest_route=\/wp\/v2\/pages\/1778","targetHints":{"allow":["GET"]}}],"collection":[{"href":"https:\/\/globalmineralafrica.com\/index.php?rest_route=\/wp\/v2\/pages"}],"about":[{"href":"https:\/\/globalmineralafrica.com\/index.php?rest_route=\/wp\/v2\/types\/page"}],"author":[{"embeddable":true,"href":"https:\/\/globalmineralafrica.com\/index.php?rest_route=\/wp\/v2\/users\/1"}],"replies":[{"embeddable":true,"href":"https:\/\/globalmineralafrica.com\/index.php?rest_route=%2Fwp%2Fv2%2Fcomments&post=1778"}],"version-history":[{"count":5,"href":"https:\/\/globalmineralafrica.com\/index.php?rest_route=\/wp\/v2\/pages\/1778\/revisions"}],"predecessor-version":[{"id":1817,"href":"https:\/\/globalmineralafrica.com\/index.php?rest_route=\/wp\/v2\/pages\/1778\/revisions\/1817"}],"wp:attachment":[{"href":"https:\/\/globalmineralafrica.com\/index.php?rest_route=%2Fwp%2Fv2%2Fmedia&parent=1778"}],"curies":[{"name":"wp","href":"https:\/\/api.w.org\/{rel}","templated":true}]}}